{"id":2330,"date":"2020-05-24T16:51:41","date_gmt":"2020-05-24T14:51:41","guid":{"rendered":"https:\/\/www.tao-innovations.com\/hap\/"},"modified":"2020-05-25T16:03:44","modified_gmt":"2020-05-25T14:03:44","slug":"hap","status":"publish","type":"page","link":"https:\/\/www.tao-innovations.com\/en\/hap\/","title":{"rendered":"HAP"},"content":{"rendered":"\t\t<div data-elementor-type=\"wp-post\" data-elementor-id=\"2330\" class=\"elementor elementor-2330 elementor-1716\" data-elementor-settings=\"[]\">\n\t\t\t<div class=\"elementor-inner\">\n\t\t\t\t<div class=\"elementor-section-wrap\">\n\t\t\t\t\t\t\t<section class=\"elementor-element elementor-element-1514328 elementor-section-boxed elementor-section-height-default elementor-section-height-default elementor-section elementor-top-section\" data-id=\"1514328\" data-element_type=\"section\">\n\t\t\t\t\t\t<div class=\"elementor-container elementor-column-gap-default\">\n\t\t\t\t<div class=\"elementor-row\">\n\t\t\t\t<div class=\"elementor-element elementor-element-f29ff0d elementor-column elementor-col-100 elementor-top-column\" data-id=\"f29ff0d\" data-element_type=\"column\">\n\t\t\t<div class=\"elementor-column-wrap  elementor-element-populated\">\n\t\t\t\t\t<div class=\"elementor-widget-wrap\">\n\t\t\t\t<div class=\"elementor-element elementor-element-2f90b12d elementor-widget elementor-widget-heading\" data-id=\"2f90b12d\" data-element_type=\"widget\" data-widget_type=\"heading.default\">\n\t\t\t\t<div class=\"elementor-widget-container\">\n\t\t\t<h2 class=\"elementor-heading-title elementor-size-default\">The future of telecommunications: TAO HAPS<\/h2>\t\t<\/div>\n\t\t\t\t<\/div>\n\t\t\t\t<div class=\"elementor-element elementor-element-84da8b7 elementor-widget elementor-widget-divider\" data-id=\"84da8b7\" data-element_type=\"widget\" data-widget_type=\"divider.default\">\n\t\t\t\t<div class=\"elementor-widget-container\">\n\t\t\t\t\t<div class=\"elementor-divider\">\n\t\t\t<span class=\"elementor-divider-separator\">\n\t\t\t\t\t\t<\/span>\n\t\t<\/div>\n\t\t\t\t<\/div>\n\t\t\t\t<\/div>\n\t\t\t\t<div class=\"elementor-element elementor-element-66f937a elementor-widget elementor-widget-text-editor\" data-id=\"66f937a\" data-element_type=\"widget\" data-widget_type=\"text-editor.default\">\n\t\t\t\t<div class=\"elementor-widget-container\">\n\t\t\t\t\t<div class=\"elementor-text-editor elementor-clearfix\"><p>Data transfer from the stratosphere is the future, because it is cheaper and also &#8220;healthier&#8221;, if you do it right. &#8220;Right&#8221; means without space debris like the satellites produce and with less radiation. The TAO High Altitude Platform Technology &#8211; also known as High Altitude Pseudo Satellite (HAPS) &#8211; is launchable and landable and is considerably less expensive and more powerful than currently known applications, both in terms of investment and operating costs.  <strong>The TAO SkyDragon HAP is reusable, technically maintainable, recyclable and &#8211; as already mentioned &#8211; it does not generate space debris.<\/strong><\/p>\n<\/div>\n\t\t\t\t<\/div>\n\t\t\t\t<\/div>\n\t\t\t\t\t\t<\/div>\n\t\t\t<\/div>\n\t\t<\/div>\n\t\t\t\t\t\t<\/div>\n\t\t\t<\/div>\n\t\t<\/section>\n\t\t\t\t<section class=\"elementor-element elementor-element-31470b07 elementor-section-boxed elementor-section-height-default elementor-section-height-default elementor-section elementor-top-section\" data-id=\"31470b07\" data-element_type=\"section\">\n\t\t\t\t\t\t<div class=\"elementor-container elementor-column-gap-default\">\n\t\t\t\t<div class=\"elementor-row\">\n\t\t\t\t<div class=\"elementor-element elementor-element-598502d5 elementor-column elementor-col-50 elementor-top-column\" data-id=\"598502d5\" data-element_type=\"column\" data-settings=\"{&quot;background_background&quot;:&quot;classic&quot;}\">\n\t\t\t<div class=\"elementor-column-wrap  elementor-element-populated\">\n\t\t\t\t\t<div class=\"elementor-widget-wrap\">\n\t\t\t\t<div class=\"elementor-element elementor-element-25532464 elementor-widget elementor-widget-image\" data-id=\"25532464\" data-element_type=\"widget\" data-widget_type=\"image.default\">\n\t\t\t\t<div class=\"elementor-widget-container\">\n\t\t\t\t\t<div class=\"elementor-image\">\n\t\t\t\t\t\t\t\t\t\t<img width=\"800\" height=\"589\" src=\"https:\/\/www.tao-innovations.com\/wp-content\/uploads\/2020\/05\/skydragon-in-der-halle.jpg\" class=\"attachment-full size-full\" alt=\"\" decoding=\"async\" loading=\"lazy\" srcset=\"https:\/\/www.tao-innovations.com\/wp-content\/uploads\/2020\/05\/skydragon-in-der-halle.jpg 800w, https:\/\/www.tao-innovations.com\/wp-content\/uploads\/2020\/05\/skydragon-in-der-halle-300x221.jpg 300w, https:\/\/www.tao-innovations.com\/wp-content\/uploads\/2020\/05\/skydragon-in-der-halle-768x565.jpg 768w\" sizes=\"(max-width: 800px) 100vw, 800px\" \/>\t\t\t\t\t\t\t\t\t\t\t<\/div>\n\t\t\t\t<\/div>\n\t\t\t\t<\/div>\n\t\t\t\t<div class=\"elementor-element elementor-element-54976ac5 elementor-widget elementor-widget-image\" data-id=\"54976ac5\" data-element_type=\"widget\" data-widget_type=\"image.default\">\n\t\t\t\t<div class=\"elementor-widget-container\">\n\t\t\t\t\t<div class=\"elementor-image\">\n\t\t\t\t\t\t\t\t\t\t<img width=\"508\" height=\"286\" src=\"https:\/\/www.tao-innovations.com\/wp-content\/uploads\/2020\/05\/skydragon-mit-menschen.jpg\" class=\"attachment-full size-full\" alt=\"SkyDragon - Gr\u00f6\u00dfenverh\u00e4ltnis mit Menschen\" decoding=\"async\" loading=\"lazy\" srcset=\"https:\/\/www.tao-innovations.com\/wp-content\/uploads\/2020\/05\/skydragon-mit-menschen.jpg 508w, https:\/\/www.tao-innovations.com\/wp-content\/uploads\/2020\/05\/skydragon-mit-menschen-300x169.jpg 300w\" sizes=\"(max-width: 508px) 100vw, 508px\" \/>\t\t\t\t\t\t\t\t\t\t\t<\/div>\n\t\t\t\t<\/div>\n\t\t\t\t<\/div>\n\t\t\t\t\t\t<\/div>\n\t\t\t<\/div>\n\t\t<\/div>\n\t\t\t\t<div class=\"elementor-element elementor-element-7d58e33d elementor-column elementor-col-50 elementor-top-column\" data-id=\"7d58e33d\" data-element_type=\"column\" data-settings=\"{&quot;background_background&quot;:&quot;classic&quot;}\">\n\t\t\t<div class=\"elementor-column-wrap  elementor-element-populated\">\n\t\t\t\t\t<div class=\"elementor-widget-wrap\">\n\t\t\t\t<div class=\"elementor-element elementor-element-b108226 elementor-widget elementor-widget-text-editor\" data-id=\"b108226\" data-element_type=\"widget\" data-widget_type=\"text-editor.default\">\n\t\t\t\t<div class=\"elementor-widget-container\">\n\t\t\t\t\t<div class=\"elementor-text-editor elementor-clearfix\"><p>The TAO SkyDragon as HAP has the following characteristics:<\/p>\n<\/div>\n\t\t\t\t<\/div>\n\t\t\t\t<\/div>\n\t\t\t\t<div class=\"elementor-element elementor-element-da8d97b elementor-icon-list--layout-traditional elementor-widget elementor-widget-icon-list\" data-id=\"da8d97b\" data-element_type=\"widget\" data-widget_type=\"icon-list.default\">\n\t\t\t\t<div class=\"elementor-widget-container\">\n\t\t\t\t\t<ul class=\"elementor-icon-list-items\">\n\t\t\t\t\t\t\t<li class=\"elementor-icon-list-item\" >\n\t\t\t\t\t\t\t\t\t\t\t<span class=\"elementor-icon-list-icon\">\n\t\t\t\t\t\t\t<i aria-hidden=\"true\" class=\"fas fa-angle-double-right\"><\/i>\t\t\t\t\t\t<\/span>\n\t\t\t\t\t\t\t\t\t\t<span class=\"elementor-icon-list-text\">takes off and lands with its own telemetry<\/span>\n\t\t\t\t\t\t\t\t\t<\/li>\n\t\t\t\t\t\t\t\t<li class=\"elementor-icon-list-item\" >\n\t\t\t\t\t\t\t\t\t\t\t<span class=\"elementor-icon-list-icon\">\n\t\t\t\t\t\t\t<i aria-hidden=\"true\" class=\"fas fa-angle-double-right\"><\/i>\t\t\t\t\t\t<\/span>\n\t\t\t\t\t\t\t\t\t\t<span class=\"elementor-icon-list-text\">can be steered by its own drive\/stearing system<\/span>\n\t\t\t\t\t\t\t\t\t<\/li>\n\t\t\t\t\t\t\t\t<li class=\"elementor-icon-list-item\" >\n\t\t\t\t\t\t\t\t\t\t\t<span class=\"elementor-icon-list-icon\">\n\t\t\t\t\t\t\t<i aria-hidden=\"true\" class=\"fas fa-angle-double-right\"><\/i>\t\t\t\t\t\t<\/span>\n\t\t\t\t\t\t\t\t\t\t<span class=\"elementor-icon-list-text\">enables a stationary flight over a certain area<\/span>\n\t\t\t\t\t\t\t\t\t<\/li>\n\t\t\t\t\t\t\t\t<li class=\"elementor-icon-list-item\" >\n\t\t\t\t\t\t\t\t\t\t\t<span class=\"elementor-icon-list-icon\">\n\t\t\t\t\t\t\t<i aria-hidden=\"true\" class=\"fas fa-angle-double-right\"><\/i>\t\t\t\t\t\t<\/span>\n\t\t\t\t\t\t\t\t\t\t<span class=\"elementor-icon-list-text\">has a large telecommunication radius (up to 300 km) <\/span>\n\t\t\t\t\t\t\t\t\t<\/li>\n\t\t\t\t\t\t\t\t<li class=\"elementor-icon-list-item\" >\n\t\t\t\t\t\t\t\t\t\t\t<span class=\"elementor-icon-list-icon\">\n\t\t\t\t\t\t\t<i aria-hidden=\"true\" class=\"fas fa-angle-double-right\"><\/i>\t\t\t\t\t\t<\/span>\n\t\t\t\t\t\t\t\t\t\t<span class=\"elementor-icon-list-text\">is recyclable, maintainable and reusable<\/span>\n\t\t\t\t\t\t\t\t\t<\/li>\n\t\t\t\t\t\t<\/ul>\n\t\t\t\t<\/div>\n\t\t\t\t<\/div>\n\t\t\t\t<div class=\"elementor-element elementor-element-1cad7d7 elementor-widget elementor-widget-text-editor\" data-id=\"1cad7d7\" data-element_type=\"widget\" data-widget_type=\"text-editor.default\">\n\t\t\t\t<div class=\"elementor-widget-container\">\n\t\t\t\t\t<div class=\"elementor-text-editor elementor-clearfix\"><p>The special TAO SkyDragon enables flying at high altitudes, in the stratosphere and a defined landing and safe recovery. In the meantime, interested parties from all over the world recognize the value of our environmentally friendly and peaceful technology.<\/p>\n<\/div>\n\t\t\t\t<\/div>\n\t\t\t\t<\/div>\n\t\t\t\t<div class=\"elementor-element elementor-element-e932a59 elementor-widget elementor-widget-text-editor\" data-id=\"e932a59\" data-element_type=\"widget\" data-widget_type=\"text-editor.default\">\n\t\t\t\t<div class=\"elementor-widget-container\">\n\t\t\t\t\t<div class=\"elementor-text-editor elementor-clearfix\"><p><strong>Project duration:<\/strong> Start in 1998 until today<br \/><strong>Locations:<\/strong> Stuttgart, Berlin (Germany) und Great Britain<\/p>\n<p>Client and project size: Research, development and production by TAO Group in cooperation with several institutes, medium-sized companies, company groups in USA and Asia as research and development projects for over 19 years.<\/p>\n<\/div>\n\t\t\t\t<\/div>\n\t\t\t\t<\/div>\n\t\t\t\t\t\t<\/div>\n\t\t\t<\/div>\n\t\t<\/div>\n\t\t\t\t\t\t<\/div>\n\t\t\t<\/div>\n\t\t<\/section>\n\t\t\t\t<section class=\"elementor-element elementor-element-e3c5cbc elementor-section-stretched elementor-section-height-min-height elementor-section-items-top hab-unten elementor-section-boxed elementor-section-height-default elementor-section elementor-top-section\" data-id=\"e3c5cbc\" data-element_type=\"section\" data-settings=\"{&quot;stretch_section&quot;:&quot;section-stretched&quot;}\">\n\t\t\t\t\t\t\t<div class=\"elementor-background-overlay\"><\/div>\n\t\t\t\t\t\t\t<div class=\"elementor-container elementor-column-gap-default\">\n\t\t\t\t<div class=\"elementor-row\">\n\t\t\t\t<div class=\"elementor-element elementor-element-c4b7661 elementor-column elementor-col-100 elementor-top-column\" data-id=\"c4b7661\" data-element_type=\"column\">\n\t\t\t<div class=\"elementor-column-wrap  elementor-element-populated\">\n\t\t\t\t\t<div class=\"elementor-widget-wrap\">\n\t\t\t\t<div class=\"elementor-element elementor-element-1e975bb elementor-widget elementor-widget-text-editor\" data-id=\"1e975bb\" data-element_type=\"widget\" data-widget_type=\"text-editor.default\">\n\t\t\t\t<div class=\"elementor-widget-container\">\n\t\t\t\t\t<div class=\"elementor-text-editor elementor-clearfix\">Competitors on the market like Google or Facebook rely technologically on balloons or light aircraft in drone technology. The TAO SkyDragon has considerable technological advantages over non-guidable balloons or light aircraft that are fragile due to gusts of wind.\n\nWrite to us or join us in the stratosphere alliance (LINK), if you would like to join us in implementing the telecommunications of the future as a strategy or technology partner: <a href=\"mailto:hello@tao-innovations.com\"><strong>hello@tao-innovations.com<\/strong><\/a><\/div>\n\t\t\t\t<\/div>\n\t\t\t\t<\/div>\n\t\t\t\t\t\t<\/div>\n\t\t\t<\/div>\n\t\t<\/div>\n\t\t\t\t\t\t<\/div>\n\t\t\t<\/div>\n\t\t<\/section>\n\t\t\t\t\t\t<\/div>\n\t\t\t<\/div>\n\t\t<\/div>\n\t\t","protected":false},"excerpt":{"rendered":"<p>The future of telecommunications: TAO HAPS Data transfer from the stratosphere is the future, because it is cheaper and also &#8220;healthier&#8221;, if you do it right. &#8220;Right&#8221; means without space debris like the satellites produce and with less radiation. The TAO High Altitude Platform Technology &#8211; also known as High Altitude Pseudo Satellite (HAPS) &#8211; &hellip;<\/p>\n<p class=\"read-more\"> <a class=\"\" href=\"https:\/\/www.tao-innovations.com\/en\/hap\/\"> <span class=\"screen-reader-text\">HAP<\/span> Read More &raquo;<\/a><\/p>\n","protected":false},"author":1,"featured_media":0,"parent":0,"menu_order":0,"comment_status":"closed","ping_status":"closed","template":"","meta":[],"_links":{"self":[{"href":"https:\/\/www.tao-innovations.com\/en\/wp-json\/wp\/v2\/pages\/2330"}],"collection":[{"href":"https:\/\/www.tao-innovations.com\/en\/wp-json\/wp\/v2\/pages"}],"about":[{"href":"https:\/\/www.tao-innovations.com\/en\/wp-json\/wp\/v2\/types\/page"}],"author":[{"embeddable":true,"href":"https:\/\/www.tao-innovations.com\/en\/wp-json\/wp\/v2\/users\/1"}],"replies":[{"embeddable":true,"href":"https:\/\/www.tao-innovations.com\/en\/wp-json\/wp\/v2\/comments?post=2330"}],"version-history":[{"count":4,"href":"https:\/\/www.tao-innovations.com\/en\/wp-json\/wp\/v2\/pages\/2330\/revisions"}],"predecessor-version":[{"id":2383,"href":"https:\/\/www.tao-innovations.com\/en\/wp-json\/wp\/v2\/pages\/2330\/revisions\/2383"}],"wp:attachment":[{"href":"https:\/\/www.tao-innovations.com\/en\/wp-json\/wp\/v2\/media?parent=2330"}],"curies":[{"name":"wp","href":"https:\/\/api.w.org\/{rel}","templated":true}]}}